{"id":50,"date":"2016-06-26T05:50:15","date_gmt":"2016-06-26T05:50:15","guid":{"rendered":"http:\/\/fundacja-ichmoc.org\/?page_id=50"},"modified":"2019-05-24T13:15:08","modified_gmt":"2019-05-24T13:15:08","slug":"kontakt","status":"publish","type":"page","link":"http:\/\/fundacja-ichmoc.org\/?page_id=50","title":{"rendered":"Kontakt"},"content":{"rendered":"<p>Adres siedziby naszej Fundacji to:<\/p>\n<p><strong>Fundacja Ich moc<\/strong><\/p>\n<p><strong>Ul Kolejowa 42 Skrzy\u0144sko<\/strong><\/p>\n<p><strong>26-400 Przysucha<\/strong><\/p>\n<p><strong>Nip-6010087075<\/strong><\/p>\n<p><strong>Regon-362319646<\/strong><\/p>\n<p><strong>Telefon-486752088<\/strong><\/p>\n<p>Wszelk\u0105 korespondencj\u0119 prosimy kierowa\u0107 na adres:<\/p>\n<p><strong>ul. Platanowa 1<\/strong><\/p>\n<p><strong>26-422 Borkowice<\/strong><\/p>\n<p><strong>Fax podstawowy 486752088<br \/>\n<\/strong><\/p>\n<p><strong>Fax zapasowy\u00a0 48\u00a0675 3143<\/strong><\/p>\n<p><a href=\"kontakt@fundacja-ichmoc.org\">email<\/a>\u00a0&#8211; kontakt@fundacja-ichmoc.org<\/p>\n","protected":false},"excerpt":{"rendered":"<p>Adres siedziby naszej Fundacji to: Fundacja Ich moc Ul Kolejowa 42 Skrzy\u0144sko 26-400 Przysucha Nip-6010087075 Regon-362319646 Telefon-486752088 Wszelk\u0105 korespondencj\u0119 prosimy kierowa\u0107 na adres: ul. Platanowa 1 26-422 Borkowice Fax podstawowy 486752088 Fax zapasowy\u00a0 48\u00a0675 3143 email\u00a0&#8211; kontakt@fundacja-ichmoc.org<\/p>\n","protected":false},"author":1,"featured_media":0,"parent":0,"menu_order":0,"comment_status":"closed","ping_status":"closed","template":"","meta":{"footnotes":""},"_links":{"self":[{"href":"http:\/\/fundacja-ichmoc.org\/index.php?rest_route=\/wp\/v2\/pages\/50"}],"collection":[{"href":"http:\/\/fundacja-ichmoc.org\/index.php?rest_route=\/wp\/v2\/pages"}],"about":[{"href":"http:\/\/fundacja-ichmoc.org\/index.php?rest_route=\/wp\/v2\/types\/page"}],"author":[{"embeddable":true,"href":"http:\/\/fundacja-ichmoc.org\/index.php?rest_route=\/wp\/v2\/users\/1"}],"replies":[{"embeddable":true,"href":"http:\/\/fundacja-ichmoc.org\/index.php?rest_route=%2Fwp%2Fv2%2Fcomments&post=50"}],"version-history":[{"count":7,"href":"http:\/\/fundacja-ichmoc.org\/index.php?rest_route=\/wp\/v2\/pages\/50\/revisions"}],"predecessor-version":[{"id":604,"href":"http:\/\/fundacja-ichmoc.org\/index.php?rest_route=\/wp\/v2\/pages\/50\/revisions\/604"}],"wp:attachment":[{"href":"http:\/\/fundacja-ichmoc.org\/index.php?rest_route=%2Fwp%2Fv2%2Fmedia&parent=50"}],"curies":[{"name":"wp","href":"https:\/\/api.w.org\/{rel}","templated":true}]}}