{"id":48,"date":"2016-06-26T05:50:00","date_gmt":"2016-06-26T05:50:00","guid":{"rendered":"http:\/\/fundacja-ichmoc.org\/?page_id=48"},"modified":"2018-05-22T07:42:05","modified_gmt":"2018-05-22T07:42:05","slug":"aktualnosci","status":"publish","type":"page","link":"http:\/\/fundacja-ichmoc.org\/?page_id=48","title":{"rendered":"Aktualno\u015bci"},"content":{"rendered":"<p><a href=\"http:\/\/fundacja-ichmoc.org\/wp-content\/uploads\/2018\/05\/logo-fundacja_duze_podstawowe_poziomprawa_RGB.jpg\"><img loading=\"lazy\" decoding=\"async\" class=\"aligncenter wp-image-540\" src=\"http:\/\/fundacja-ichmoc.org\/wp-content\/uploads\/2018\/05\/logo-fundacja_duze_podstawowe_poziomprawa_RGB-300x161.jpg\" alt=\"\" width=\"412\" height=\"221\" srcset=\"http:\/\/fundacja-ichmoc.org\/wp-content\/uploads\/2018\/05\/logo-fundacja_duze_podstawowe_poziomprawa_RGB-300x161.jpg 300w, http:\/\/fundacja-ichmoc.org\/wp-content\/uploads\/2018\/05\/logo-fundacja_duze_podstawowe_poziomprawa_RGB-768x412.jpg 768w, http:\/\/fundacja-ichmoc.org\/wp-content\/uploads\/2018\/05\/logo-fundacja_duze_podstawowe_poziomprawa_RGB.jpg 950w\" sizes=\"(max-width: 412px) 100vw, 412px\" \/><\/a><\/p>\n<h1><strong>Patriotyczny projekt z Borkowic dofinansowany przez Fundacj\u0119 PZU. <\/strong><\/h1>\n<p>Ju\u017c na pocz\u0105tku czerwca w NSOS-W S.A.K. \u201eOPOKA\u201d w Borkowicach rozpoczn\u0105 si\u0119 zaj\u0119cia w ramach projektu pt. \u201ePatriotyzm ma\u0142ej ojczyzny na tle patriotyzmu narodowego\u201d dofinansowanego przez<strong> Fundacj\u0119 PZU. <\/strong><\/p>\n<p>Uczniowie <strong>Niepublicznego Specjalnego O\u015brodka Szkolno-Wychowawczego S.A.K. \u201eOPOKA\u201d<\/strong> b\u0119d\u0105 mieli mo\u017cliwo\u015b\u0107 wzi\u0119cia udzia\u0142u w warsztatach historycznych, plastycznych, filmowych, konkursach, spacerach i wycieczkach edukacyjnych.<\/p>\n<p>Partnerem projektu promuj\u0105cego patriotyzm, to\u017csamo\u015b\u0107 narodow\u0105 i wiedz\u0119 historyczn\u0105 o Polsce i ma\u0142ej ojczy\u017anie jest Fundacja PZU. Dotacj\u0119 otrzyma\u0142a <strong>Fundacja Ich Moc<\/strong>, kt\u00f3ra prowadzi NSOS-W S.A.K. \u201eOPOKA\u201d w Borkowicach.<\/p>\n<p>&nbsp;<\/p>\n<p>&nbsp;<\/p>\n<p>&nbsp;<\/p>\n<p>&nbsp;<\/p>\n","protected":false},"excerpt":{"rendered":"<p>Patriotyczny projekt z Borkowic dofinansowany przez Fundacj\u0119 PZU. Ju\u017c na pocz\u0105tku czerwca w NSOS-W S.A.K. \u201eOPOKA\u201d w Borkowicach rozpoczn\u0105 si\u0119 zaj\u0119cia w ramach projektu pt. \u201ePatriotyzm ma\u0142ej ojczyzny na tle patriotyzmu narodowego\u201d dofinansowanego przez Fundacj\u0119 PZU. Uczniowie Niepublicznego Specjalnego O\u015brodka Szkolno-Wychowawczego S.A.K. \u201eOPOKA\u201d b\u0119d\u0105 mieli mo\u017cliwo\u015b\u0107 wzi\u0119cia udzia\u0142u w warsztatach historycznych, plastycznych, filmowych, konkursach, spacerach &hellip; <\/p>\n<p class=\"link-more\"><a href=\"http:\/\/fundacja-ichmoc.org\/?page_id=48\" class=\"more-link\">Czytaj dalej<span class=\"screen-reader-text\"> \u201eAktualno\u015bci\u201d<\/span><\/a><\/p>\n","protected":false},"author":1,"featured_media":0,"parent":0,"menu_order":0,"comment_status":"closed","ping_status":"closed","template":"","meta":{"footnotes":""},"_links":{"self":[{"href":"http:\/\/fundacja-ichmoc.org\/index.php?rest_route=\/wp\/v2\/pages\/48"}],"collection":[{"href":"http:\/\/fundacja-ichmoc.org\/index.php?rest_route=\/wp\/v2\/pages"}],"about":[{"href":"http:\/\/fundacja-ichmoc.org\/index.php?rest_route=\/wp\/v2\/types\/page"}],"author":[{"embeddable":true,"href":"http:\/\/fundacja-ichmoc.org\/index.php?rest_route=\/wp\/v2\/users\/1"}],"replies":[{"embeddable":true,"href":"http:\/\/fundacja-ichmoc.org\/index.php?rest_route=%2Fwp%2Fv2%2Fcomments&post=48"}],"version-history":[{"count":14,"href":"http:\/\/fundacja-ichmoc.org\/index.php?rest_route=\/wp\/v2\/pages\/48\/revisions"}],"predecessor-version":[{"id":554,"href":"http:\/\/fundacja-ichmoc.org\/index.php?rest_route=\/wp\/v2\/pages\/48\/revisions\/554"}],"wp:attachment":[{"href":"http:\/\/fundacja-ichmoc.org\/index.php?rest_route=%2Fwp%2Fv2%2Fmedia&parent=48"}],"curies":[{"name":"wp","href":"https:\/\/api.w.org\/{rel}","templated":true}]}}